{"id":215,"date":"2025-11-05T11:07:52","date_gmt":"2025-11-05T10:07:52","guid":{"rendered":"https:\/\/www.rouchon.louisst.o2switch.site\/blog\/?page_id=215"},"modified":"2025-11-05T15:15:17","modified_gmt":"2025-11-05T14:15:17","slug":"projet-professionnel","status":"publish","type":"page","link":"https:\/\/www.rouchon.louisst.o2switch.site\/blog\/projet-professionnel\/","title":{"rendered":"Mon projet professionnel\ud83d\udcbb"},"content":{"rendered":"\n<p>Mon parcours scolaire n\u2019a pas toujours \u00e9t\u00e9 simple. L\u2019\u00e9cole a parfois \u00e9t\u00e9 une p\u00e9riode difficile pour moi, notamment durant mes ann\u00e9es de lyc\u00e9e, o\u00f9 j\u2019avais du mal \u00e0 trouver ma voie et \u00e0 donner du sens \u00e0 mes \u00e9tudes. Cependant, depuis que je suis entr\u00e9 dans l\u2019enseignement sup\u00e9rieur, je me sens beaucoup plus&nbsp;\u00e9panoui&nbsp;et&nbsp;motiv\u00e9, notamment gr\u00e2ce \u00e0 mon int\u00e9gration \u00e0&nbsp;<strong>SupAlta<\/strong>, une \u00e9cole dans laquelle je me sens \u00e0 ma place.<\/p>\n\n\n\n<p>J\u2019ai choisi la voie du&nbsp;<strong>commerce<\/strong> un peu par d\u00e9faut, sans savoir au d\u00e9part si cela allait r\u00e9ellement me plaire. Mais au fil du temps, j\u2019ai d\u00e9couvert un domaine dynamique, concret et tourn\u00e9 vers l\u2019humain, qui correspond finalement tr\u00e8s bien \u00e0 ma personnalit\u00e9. Le BTS&nbsp;N\u00e9gociation et Digitalisation de la Relation Client (NDRC)&nbsp;me permet d\u2019apprendre \u00e0 communiquer efficacement, \u00e0 n\u00e9gocier et \u00e0 comprendre les besoins des clients, tout en d\u00e9veloppant mes comp\u00e9tences dans le digital.<\/p>\n\n\n\n<p>Mon objectif \u00e0 court terme est de&nbsp;terminer mon BTS NDRC \u00e0 <strong>SupAlta<\/strong>&nbsp;avec succ\u00e8s, en continuant \u00e0 progresser professionnellement car, \u00e0 plus long terme, j\u2019aimerais&nbsp;poursuivre mes \u00e9tudes en licence<strong> \u00c9conomie-Gestion<\/strong>, afin d\u2019approfondir mes connaissances dans les domaines de la strat\u00e9gie, du management et de la gestion d\u2019entreprise.<\/p>\n\n\n\n<p>Je souhaite construire une carri\u00e8re dans laquelle je pourrai allier&nbsp;relations humaines, r\u00e9flexion strat\u00e9gique et d\u00e9veloppement commercial.<\/p>\n\n\n\n<p><\/p>\n","protected":false},"excerpt":{"rendered":"<p>Mon parcours scolaire n\u2019a pas toujours \u00e9t\u00e9 simple. L\u2019\u00e9cole a parfois \u00e9t\u00e9 une p\u00e9riode difficile pour moi, notamment durant mes [&hellip;]<\/p>\n","protected":false},"author":1,"featured_media":0,"parent":0,"menu_order":0,"comment_status":"closed","ping_status":"closed","template":"","meta":{"_uag_custom_page_level_css":"","site-sidebar-layout":"default","site-content-layout":"","ast-site-content-layout":"default","site-content-style":"default","site-sidebar-style":"default","ast-global-header-display":"","ast-banner-title-visibility":"","ast-main-header-display":"","ast-hfb-above-header-display":"","ast-hfb-below-header-display":"","ast-hfb-mobile-header-display":"","site-post-title":"","ast-breadcrumbs-content":"","ast-featured-img":"","footer-sml-layout":"","theme-transparent-header-meta":"","adv-header-id-meta":"","stick-header-meta":"","header-above-stick-meta":"","header-main-stick-meta":"","header-below-stick-meta":"","astra-migrate-meta-layouts":"default","ast-page-background-enabled":"default","ast-page-background-meta":{"desktop":{"background-color":"var(--ast-global-color-5)","background-image":"","background-repeat":"repeat","background-position":"center center","background-size":"auto","background-attachment":"scroll","background-type":"","background-media":"","overlay-type":"","overlay-color":"","overlay-opacity":"","overlay-gradient":""},"tablet":{"background-color":"","background-image":"","background-repeat":"repeat","background-position":"center center","background-size":"auto","background-attachment":"scroll","background-type":"","background-media":"","overlay-type":"","overlay-color":"","overlay-opacity":"","overlay-gradient":""},"mobile":{"background-color":"","background-image":"","background-repeat":"repeat","background-position":"center center","background-size":"auto","background-attachment":"scroll","background-type":"","background-media":"","overlay-type":"","overlay-color":"","overlay-opacity":"","overlay-gradient":""}},"ast-content-background-meta":{"desktop":{"background-color":"var(--ast-global-color-4)","background-image":"","background-repeat":"repeat","background-position":"center center","background-size":"auto","background-attachment":"scroll","background-type":"","background-media":"","overlay-type":"","overlay-color":"","overlay-opacity":"","overlay-gradient":""},"tablet":{"background-color":"var(--ast-global-color-4)","background-image":"","background-repeat":"repeat","background-position":"center center","background-size":"auto","background-attachment":"scroll","background-type":"","background-media":"","overlay-type":"","overlay-color":"","overlay-opacity":"","overlay-gradient":""},"mobile":{"background-color":"var(--ast-global-color-4)","background-image":"","background-repeat":"repeat","background-position":"center center","background-size":"auto","background-attachment":"scroll","background-type":"","background-media":"","overlay-type":"","overlay-color":"","overlay-opacity":"","overlay-gradient":""}},"footnotes":""},"class_list":["post-215","page","type-page","status-publish","hentry"],"uagb_featured_image_src":{"full":false,"thumbnail":false,"medium":false,"medium_large":false,"large":false,"1536x1536":false,"2048x2048":false},"uagb_author_info":{"display_name":"admin","author_link":"https:\/\/www.rouchon.louisst.o2switch.site\/blog\/author\/admin\/"},"uagb_comment_info":0,"uagb_excerpt":"Mon parcours scolaire n\u2019a pas toujours \u00e9t\u00e9 simple. L\u2019\u00e9cole a parfois \u00e9t\u00e9 une p\u00e9riode difficile pour moi, notamment durant mes [&hellip;]","_links":{"self":[{"href":"https:\/\/www.rouchon.louisst.o2switch.site\/blog\/wp-json\/wp\/v2\/pages\/215","targetHints":{"allow":["GET"]}}],"collection":[{"href":"https:\/\/www.rouchon.louisst.o2switch.site\/blog\/wp-json\/wp\/v2\/pages"}],"about":[{"href":"https:\/\/www.rouchon.louisst.o2switch.site\/blog\/wp-json\/wp\/v2\/types\/page"}],"author":[{"embeddable":true,"href":"https:\/\/www.rouchon.louisst.o2switch.site\/blog\/wp-json\/wp\/v2\/users\/1"}],"replies":[{"embeddable":true,"href":"https:\/\/www.rouchon.louisst.o2switch.site\/blog\/wp-json\/wp\/v2\/comments?post=215"}],"version-history":[{"count":6,"href":"https:\/\/www.rouchon.louisst.o2switch.site\/blog\/wp-json\/wp\/v2\/pages\/215\/revisions"}],"predecessor-version":[{"id":344,"href":"https:\/\/www.rouchon.louisst.o2switch.site\/blog\/wp-json\/wp\/v2\/pages\/215\/revisions\/344"}],"wp:attachment":[{"href":"https:\/\/www.rouchon.louisst.o2switch.site\/blog\/wp-json\/wp\/v2\/media?parent=215"}],"curies":[{"name":"wp","href":"https:\/\/api.w.org\/{rel}","templated":true}]}}