{"id":291,"date":"2025-11-05T13:31:16","date_gmt":"2025-11-05T12:31:16","guid":{"rendered":"https:\/\/www.rouchon.louisst.o2switch.site\/blog\/?page_id=291"},"modified":"2025-12-01T11:11:13","modified_gmt":"2025-12-01T10:11:13","slug":"accueil","status":"publish","type":"page","link":"https:\/\/www.rouchon.louisst.o2switch.site\/blog\/","title":{"rendered":"Accueil"},"content":{"rendered":"\n<p class=\"has-ast-global-color-2-color has-text-color has-link-color wp-elements-27cfeebb4c2d0c8d3dcddd1506db61f3\"> <strong>Bonjour et bienvenue sur mon site !<\/strong><\/p>\n\n\n\n<p class=\"has-ast-global-color-2-color has-text-color has-link-color wp-elements-b9fd2fb259aabe71cc45e14691c3ef44\">Je m\u2019appelle Jules Rouchon, j\u2019ai 19 ans et je suis actuellement \u00e9tudiant en BTS N\u00e9gociation et Digitalisation de la Relation Client (NDRC) \u00e0 SupAlta, \u00e0 Lyon. Passionn\u00e9 depuis toujours par le monde de l\u2019automobile et l\u2019horlogerie, j\u2019ai d\u00e9cid\u00e9 de cr\u00e9er ce site pour partager mes \u00e9tudes, mes centres d\u2019int\u00e9r\u00eat, mes d\u00e9couvertes et mes exp\u00e9riences dans ces univers fascinants.<\/p>\n\n\n\n<p class=\"has-ast-global-color-2-color has-text-color has-link-color wp-elements-1ffa3c3a11b697e84d319367baa179fd\">Issu d\u2019un baccalaur\u00e9at STMG, j\u2019ai choisi de poursuivre mes \u00e9tudes dans le commerce car j\u2019aime le contact humain, la n\u00e9gociation et les nouvelles technologies qui transforment la relation client. Mon objectif est de d\u00e9velopper mes comp\u00e9tences en communication, en strat\u00e9gie commerciale et en digital afin de construire un parcours professionnel dans un domaine qui me passionne.<\/p>\n\n\n\n<p class=\"has-ast-global-color-2-color has-text-color has-link-color wp-elements-a2271b996f27abb2f8722e17c03536c1\">Sur ce site, vous trouverez plusieurs cat\u00e9gories d\u2019articles :<\/p>\n\n\n\n<p class=\"has-text-align-center\">&nbsp;&nbsp;&nbsp; \ud83c\udf93<strong>Ma formation<\/strong>, o\u00f9 je partagerai mon exp\u00e9rience en BTS NDRC et mon \u00e9volution professionnelle.<\/p>\n\n\n\n<p class=\"has-text-align-center\">&nbsp;&nbsp;&nbsp;&nbsp;&nbsp; \ud83d\udcbb<strong>Mon projet professionnel<\/strong>, o\u00f9 je partagerai mes objectifs, mes ambitions et la direction que je souhaite donner \u00e0 mon avenir.<\/p>\n\n\n\n<p class=\"has-text-align-center\">&nbsp;&nbsp;&nbsp;&nbsp; \ud83c\udfce\ufe0f<strong> L\u2019automobile<\/strong>, o\u00f9 je partagerai mes coups de c\u0153ur pour certaines marques, mes essais et mes r\u00e9flexions sur les innovations du secteur.<\/p>\n\n\n\n<p class=\"has-text-align-center\">\u231a <strong>L\u2019horlogerie<\/strong>, o\u00f9 je parlerai de mod\u00e8les embl\u00e9matiques, d\u2019artisanat et de tendances qui fa\u00e7onnent cet univers de pr\u00e9cision et d\u2019\u00e9l\u00e9gance.<\/p>\n\n\n\n<p class=\"has-text-align-center\">\u26bd\ufe0f <strong>Le foot<\/strong>, o\u00f9 je partagerai mes avis, mes pr\u00e9dictions et divers sujets qui fa\u00e7onnent et am\u00e9liorent ce sport <\/p>\n\n\n\n<p class=\"has-ast-global-color-2-color has-text-color has-link-color wp-elements-8b65a518d4418e22fbc07fe5075e5f43\">Ce site est avant tout un espace de partage. N\u2019h\u00e9sitez pas \u00e0 commenter mes articles, \u00e0 poser vos questions ou \u00e0 me faire d\u00e9couvrir vos propres passions.<\/p>\n\n\n\n<p class=\"has-ast-global-color-2-color has-text-color has-link-color wp-elements-827a2328b152c3755f80927c9df8a30f\">Bonne visite \u00e0 tous,<\/p>\n\n\n\n<p class=\"has-ast-global-color-2-color has-text-color has-link-color wp-elements-dd288812b52f729ecf4f8682fd215188\">Jules<strong> ROUCHON<\/strong><\/p>\n\n\n\n<figure class=\"wp-block-gallery has-nested-images columns-default is-cropped wp-block-gallery-1 is-layout-flex wp-block-gallery-is-layout-flex\">\n<figure class=\"wp-block-image size-large\"><img loading=\"lazy\" decoding=\"async\" width=\"1024\" height=\"683\" data-id=\"253\" src=\"https:\/\/www.rouchon.louisst.o2switch.site\/blog\/wp-content\/uploads\/2025\/11\/pexels-photo-2127039-2127039-1024x683.jpg\" alt=\"Elegant luxury coupe showcased in a modern Munich auto showroom with glass architecture.\" class=\"wp-image-253\" srcset=\"https:\/\/www.rouchon.louisst.o2switch.site\/blog\/wp-content\/uploads\/2025\/11\/pexels-photo-2127039-2127039-1024x683.jpg 1024w, https:\/\/www.rouchon.louisst.o2switch.site\/blog\/wp-content\/uploads\/2025\/11\/pexels-photo-2127039-2127039-300x200.jpg 300w, https:\/\/www.rouchon.louisst.o2switch.site\/blog\/wp-content\/uploads\/2025\/11\/pexels-photo-2127039-2127039-768x512.jpg 768w, https:\/\/www.rouchon.louisst.o2switch.site\/blog\/wp-content\/uploads\/2025\/11\/pexels-photo-2127039-2127039-1536x1024.jpg 1536w, https:\/\/www.rouchon.louisst.o2switch.site\/blog\/wp-content\/uploads\/2025\/11\/pexels-photo-2127039-2127039-2048x1365.jpg 2048w\" sizes=\"auto, (max-width: 1024px) 100vw, 1024px\" \/><\/figure>\n\n\n\n<figure class=\"wp-block-image size-full\"><img loading=\"lazy\" decoding=\"async\" width=\"1000\" height=\"560\" data-id=\"425\" src=\"https:\/\/www.rouchon.louisst.o2switch.site\/blog\/wp-content\/uploads\/2025\/12\/IMG_0362.webp\" alt=\"\" class=\"wp-image-425\" srcset=\"https:\/\/www.rouchon.louisst.o2switch.site\/blog\/wp-content\/uploads\/2025\/12\/IMG_0362.webp 1000w, https:\/\/www.rouchon.louisst.o2switch.site\/blog\/wp-content\/uploads\/2025\/12\/IMG_0362-300x168.webp 300w, https:\/\/www.rouchon.louisst.o2switch.site\/blog\/wp-content\/uploads\/2025\/12\/IMG_0362-768x430.webp 768w\" sizes=\"auto, (max-width: 1000px) 100vw, 1000px\" \/><\/figure>\n\n\n\n<figure class=\"wp-block-image size-large\"><img loading=\"lazy\" decoding=\"async\" width=\"1024\" height=\"682\" data-id=\"254\" src=\"https:\/\/www.rouchon.louisst.o2switch.site\/blog\/wp-content\/uploads\/2025\/11\/g6cb596b132d3b39aab5826ff5afecf25548afd0fe17999b8044854d7da22a5d9680931ff2d64ce8d4712d642aadd98d08090f4393d01cf3617ecc7a75cffe1f8_1280-5389154-1024x682.jpg\" alt=\"time, watch, timepiece, nostalgia, minutes, dial, hours, seconds, transcience, close up, time, time, time, time, time, watch, watch, watch\" class=\"wp-image-254\" srcset=\"https:\/\/www.rouchon.louisst.o2switch.site\/blog\/wp-content\/uploads\/2025\/11\/g6cb596b132d3b39aab5826ff5afecf25548afd0fe17999b8044854d7da22a5d9680931ff2d64ce8d4712d642aadd98d08090f4393d01cf3617ecc7a75cffe1f8_1280-5389154-1024x682.jpg 1024w, https:\/\/www.rouchon.louisst.o2switch.site\/blog\/wp-content\/uploads\/2025\/11\/g6cb596b132d3b39aab5826ff5afecf25548afd0fe17999b8044854d7da22a5d9680931ff2d64ce8d4712d642aadd98d08090f4393d01cf3617ecc7a75cffe1f8_1280-5389154-300x200.jpg 300w, https:\/\/www.rouchon.louisst.o2switch.site\/blog\/wp-content\/uploads\/2025\/11\/g6cb596b132d3b39aab5826ff5afecf25548afd0fe17999b8044854d7da22a5d9680931ff2d64ce8d4712d642aadd98d08090f4393d01cf3617ecc7a75cffe1f8_1280-5389154-768x512.jpg 768w, https:\/\/www.rouchon.louisst.o2switch.site\/blog\/wp-content\/uploads\/2025\/11\/g6cb596b132d3b39aab5826ff5afecf25548afd0fe17999b8044854d7da22a5d9680931ff2d64ce8d4712d642aadd98d08090f4393d01cf3617ecc7a75cffe1f8_1280-5389154.jpg 1280w\" sizes=\"auto, (max-width: 1024px) 100vw, 1024px\" \/><\/figure>\n<\/figure>\n\n\n\n<div class=\"wp-block-uagb-forms uagb-forms__outer-wrap uagb-block-594a0ac7 uagb-forms__medium-btn\"><form class=\"uagb-forms-main-form\" method=\"post\" autocomplete=\"on\" name=\"uagb-form-594a0ac7\">\n<div class=\"wp-block-uagb-forms-name uagb-forms-name-wrap uagb-forms-field-set uagb-block-4ea47004\"><div class=\"uagb-forms-name-label required uagb-forms-input-label\" id=\"4ea47004\">Pr\u00e9nom<\/div><input type=\"text\" placeholder=\"John\" required class=\"uagb-forms-name-input uagb-forms-input\" name=\"4ea47004\" autocomplete=\"given-name\"\/><\/div>\n\n\n\n<div class=\"wp-block-uagb-forms-name uagb-forms-name-wrap uagb-forms-field-set uagb-block-88c8bcf5\"><div class=\"uagb-forms-name-label required uagb-forms-input-label\" id=\"88c8bcf5\">Nom de famille <\/div><input type=\"text\" placeholder=\"Doe\" required class=\"uagb-forms-name-input uagb-forms-input\" name=\"88c8bcf5\" autocomplete=\"family-name\"\/><\/div>\n\n\n\n<div class=\"wp-block-uagb-forms-email uagb-forms-email-wrap uagb-forms-field-set uagb-block-7f94ca1f\"><div class=\"uagb-forms-email-label  uagb-forms-input-label\" id=\"7f94ca1f\">Email<\/div><input type=\"email\" class=\"uagb-forms-email-input uagb-forms-input\" placeholder=\"example@mail.com\" name=\"7f94ca1f\" autocomplete=\"email\"\/><\/div>\n\n\n\n<div class=\"wp-block-uagb-forms-textarea uagb-forms-textarea-wrap uagb-forms-field-set uagb-block-157de4db\"><div class=\"uagb-forms-textarea-label required uagb-forms-input-label\" id=\"157de4db\">Message<\/div><textarea required class=\"uagb-forms-textarea-input uagb-forms-input\" rows=\"4\" placeholder=\"Enter your message\" name=\"157de4db\" autocomplete=\"off\"><\/textarea><\/div>\n<div class=\"uagb-forms-form-hidden-data\"><input type=\"hidden\" class=\"uagb_forms_form_label\" value=\"Spectra Form\"\/><input type=\"hidden\" class=\"uagb_forms_form_id\" value=\"uagb-form-594a0ac7\"\/><\/div><div class=\"uagb-form-reacaptcha-error-594a0ac7\"><\/div><div class=\"uagb-forms-main-submit-button-wrap wp-block-button\"><button class=\"uagb-forms-main-submit-button wp-block-button__link\"><div class=\"uagb-forms-main-submit-button-text\">Envoyer<\/div><\/button><\/div><\/form><div class=\"uagb-forms-success-message-594a0ac7 uagb-forms-submit-message-hide\"><span>The form has been submitted successfully!<\/span><\/div><div class=\"uagb-forms-failed-message-594a0ac7 uagb-forms-submit-message-hide\"><span>There has been some error while submitting the form. Please verify all form fields again.<\/span><\/div><\/div>\n\n\n<div\n\t\tclass=\"free align wp-block-ctb-countdown-time\"\tid='ctbCountdownTime-2'\n\tdata-nonce='&quot;0b2f0a66c9&quot;'\n\tdata-attributes='{&quot;destDate&quot;:&quot;2025-11-17T09:17:41.509Z&quot;,&quot;align&quot;:&quot;&quot;,&quot;layout&quot;:&quot;default&quot;,&quot;isResponsive&quot;:true,&quot;boxIsInline&quot;:false,&quot;boxPosition&quot;:&quot;center&quot;,&quot;isLabels&quot;:true,&quot;isDays&quot;:true,&quot;daysLabel&quot;:&quot;Days&quot;,&quot;isHours&quot;:true,&quot;hoursLabel&quot;:&quot;Hours&quot;,&quot;isMinutes&quot;:true,&quot;minutesLabel&quot;:&quot;Minutes&quot;,&quot;isSeconds&quot;:true,&quot;secondsLabel&quot;:&quot;Seconds&quot;,&quot;isExpired&quot;:false,&quot;hideOn0&quot;:false,&quot;hideOnMobile&quot;:false,&quot;hideOnTablet&quot;:false,&quot;prefixSuffixDirection&quot;:&quot;row&quot;,&quot;prefixText&quot;:&quot;&quot;,&quot;suffixButtonText&quot;:&quot;&quot;,&quot;suffixButtonUrl&quot;:&quot;#&quot;,&quot;addID&quot;:&quot;&quot;,&quot;addClass&quot;:&quot;&quot;,&quot;addCSS&quot;:&quot;&quot;,&quot;width&quot;:&quot;0px&quot;,&quot;background&quot;:{&quot;color&quot;:&quot;#0000&quot;},&quot;padding&quot;:{&quot;vertical&quot;:&quot;10px&quot;,&quot;horizontal&quot;:&quot;15px&quot;},&quot;shadow&quot;:[],&quot;alignment&quot;:&quot;center&quot;,&quot;boxBG&quot;:{&quot;type&quot;:&quot;gradient&quot;,&quot;color&quot;:&quot;#146EF5&quot;,&quot;gradient&quot;:&quot;linear-gradient(135deg, #0040E3, #18D4FD)&quot;},&quot;boxWidth&quot;:&quot;170px&quot;,&quot;boxHeight&quot;:&quot;120px&quot;,&quot;boxSpace&quot;:&quot;30px&quot;,&quot;boxBorder&quot;:{&quot;radius&quot;:&quot;5%&quot;},&quot;boxShadow&quot;:[],&quot;digitTypo&quot;:{&quot;fontSize&quot;:{&quot;desktop&quot;:&quot;48px&quot;,&quot;tablet&quot;:&quot;40px&quot;,&quot;mobile&quot;:&quot;32px&quot;}},&quot;digitColor&quot;:&quot;#fff&quot;,&quot;labelTypo&quot;:{&quot;fontSize&quot;:{&quot;desktop&quot;:&quot;18px&quot;,&quot;tablet&quot;:&quot;17px&quot;,&quot;mobile&quot;:&quot;16px&quot;}},&quot;labelColor&quot;:&quot;#fff&quot;,&quot;isDaysSingleStyle&quot;:false,&quot;daysBG&quot;:{&quot;type&quot;:&quot;gradient&quot;,&quot;color&quot;:&quot;#146EF5&quot;,&quot;gradient&quot;:&quot;linear-gradient(135deg, #0040E3, #18D4FD)&quot;},&quot;daysDigitColor&quot;:&quot;#fff&quot;,&quot;daysLabelColor&quot;:&quot;#fff&quot;,&quot;isHoursSingleStyle&quot;:false,&quot;hoursBG&quot;:{&quot;type&quot;:&quot;gradient&quot;,&quot;color&quot;:&quot;#146EF5&quot;,&quot;gradient&quot;:&quot;linear-gradient(135deg, #0040E3, #18D4FD)&quot;},&quot;hoursDigitColor&quot;:&quot;#fff&quot;,&quot;hoursLabelColor&quot;:&quot;#fff&quot;,&quot;isMinutesSingleStyle&quot;:false,&quot;minutesBG&quot;:{&quot;type&quot;:&quot;gradient&quot;,&quot;color&quot;:&quot;#146EF5&quot;,&quot;gradient&quot;:&quot;linear-gradient(135deg, #0040E3, #18D4FD)&quot;},&quot;minutesDigitColor&quot;:&quot;#fff&quot;,&quot;minutesLabelColor&quot;:&quot;#fff&quot;,&quot;isSecondsSingleStyle&quot;:false,&quot;secondsBG&quot;:{&quot;type&quot;:&quot;gradient&quot;,&quot;color&quot;:&quot;#146EF5&quot;,&quot;gradient&quot;:&quot;linear-gradient(135deg, #0040E3, #18D4FD)&quot;},&quot;secondsDigitColor&quot;:&quot;#fff&quot;,&quot;secondsLabelColor&quot;:&quot;#fff&quot;,&quot;isSep&quot;:false,&quot;sepType&quot;:&quot;:&quot;,&quot;sepSize&quot;:52,&quot;sepColor&quot;:&quot;#146EF5&quot;,&quot;prefixTextTypo&quot;:{&quot;fontSize&quot;:{&quot;desktop&quot;:&quot;15px&quot;}},&quot;prefixTextColor&quot;:&quot;#222&quot;,&quot;suffixButtonTypo&quot;:{&quot;fontSize&quot;:{&quot;desktop&quot;:&quot;16px&quot;}},&quot;suffixButtonColors&quot;:{&quot;color&quot;:&quot;#fff&quot;,&quot;bg&quot;:&quot;#222&quot;},&quot;suffixButtonPadding&quot;:{&quot;vertical&quot;:&quot;14px&quot;,&quot;horizontal&quot;:&quot;28px&quot;},&quot;isDismiss&quot;:false,&quot;dismissColor&quot;:&quot;#333&quot;}'\n\tdata-content='&quot;&quot;'\n><\/div>\n\n\n<p><a href=\"https:\/\/maps.app.goo.gl\/nDbwqkipZdiXS9hH7\">https:\/\/maps.app.goo.gl\/nDbwqkipZdiXS9h<\/a><\/p>\n\n\n\n<p><\/p>\n","protected":false},"excerpt":{"rendered":"<p>Bonjour et bienvenue sur mon site ! Je m\u2019appelle Jules Rouchon, j\u2019ai 19 ans et je suis actuellement \u00e9tudiant en [&hellip;]<\/p>\n","protected":false},"author":1,"featured_media":0,"parent":0,"menu_order":0,"comment_status":"closed","ping_status":"closed","template":"","meta":{"_uag_custom_page_level_css":"","site-sidebar-layout":"default","site-content-layout":"","ast-site-content-layout":"default","site-content-style":"default","site-sidebar-style":"default","ast-global-header-display":"","ast-banner-title-visibility":"","ast-main-header-display":"","ast-hfb-above-header-display":"","ast-hfb-below-header-display":"","ast-hfb-mobile-header-display":"","site-post-title":"","ast-breadcrumbs-content":"","ast-featured-img":"","footer-sml-layout":"","theme-transparent-header-meta":"","adv-header-id-meta":"","stick-header-meta":"","header-above-stick-meta":"","header-main-stick-meta":"","header-below-stick-meta":"","astra-migrate-meta-layouts":"default","ast-page-background-enabled":"default","ast-page-background-meta":{"desktop":{"background-color":"var(--ast-global-color-5)","background-image":"","background-repeat":"repeat","background-position":"center center","background-size":"auto","background-attachment":"scroll","background-type":"","background-media":"","overlay-type":"","overlay-color":"","overlay-opacity":"","overlay-gradient":""},"tablet":{"background-color":"","background-image":"","background-repeat":"repeat","background-position":"center center","background-size":"auto","background-attachment":"scroll","background-type":"","background-media":"","overlay-type":"","overlay-color":"","overlay-opacity":"","overlay-gradient":""},"mobile":{"background-color":"","background-image":"","background-repeat":"repeat","background-position":"center center","background-size":"auto","background-attachment":"scroll","background-type":"","background-media":"","overlay-type":"","overlay-color":"","overlay-opacity":"","overlay-gradient":""}},"ast-content-background-meta":{"desktop":{"background-color":"var(--ast-global-color-4)","background-image":"","background-repeat":"repeat","background-position":"center center","background-size":"auto","background-attachment":"scroll","background-type":"","background-media":"","overlay-type":"","overlay-color":"","overlay-opacity":"","overlay-gradient":""},"tablet":{"background-color":"var(--ast-global-color-4)","background-image":"","background-repeat":"repeat","background-position":"center center","background-size":"auto","background-attachment":"scroll","background-type":"","background-media":"","overlay-type":"","overlay-color":"","overlay-opacity":"","overlay-gradient":""},"mobile":{"background-color":"var(--ast-global-color-4)","background-image":"","background-repeat":"repeat","background-position":"center center","background-size":"auto","background-attachment":"scroll","background-type":"","background-media":"","overlay-type":"","overlay-color":"","overlay-opacity":"","overlay-gradient":""}},"footnotes":""},"class_list":["post-291","page","type-page","status-publish","hentry"],"uagb_featured_image_src":{"full":false,"thumbnail":false,"medium":false,"medium_large":false,"large":false,"1536x1536":false,"2048x2048":false},"uagb_author_info":{"display_name":"admin","author_link":"https:\/\/www.rouchon.louisst.o2switch.site\/blog\/author\/admin\/"},"uagb_comment_info":0,"uagb_excerpt":"Bonjour et bienvenue sur mon site ! Je m\u2019appelle Jules Rouchon, j\u2019ai 19 ans et je suis actuellement \u00e9tudiant en [&hellip;]","_links":{"self":[{"href":"https:\/\/www.rouchon.louisst.o2switch.site\/blog\/wp-json\/wp\/v2\/pages\/291","targetHints":{"allow":["GET"]}}],"collection":[{"href":"https:\/\/www.rouchon.louisst.o2switch.site\/blog\/wp-json\/wp\/v2\/pages"}],"about":[{"href":"https:\/\/www.rouchon.louisst.o2switch.site\/blog\/wp-json\/wp\/v2\/types\/page"}],"author":[{"embeddable":true,"href":"https:\/\/www.rouchon.louisst.o2switch.site\/blog\/wp-json\/wp\/v2\/users\/1"}],"replies":[{"embeddable":true,"href":"https:\/\/www.rouchon.louisst.o2switch.site\/blog\/wp-json\/wp\/v2\/comments?post=291"}],"version-history":[{"count":13,"href":"https:\/\/www.rouchon.louisst.o2switch.site\/blog\/wp-json\/wp\/v2\/pages\/291\/revisions"}],"predecessor-version":[{"id":426,"href":"https:\/\/www.rouchon.louisst.o2switch.site\/blog\/wp-json\/wp\/v2\/pages\/291\/revisions\/426"}],"wp:attachment":[{"href":"https:\/\/www.rouchon.louisst.o2switch.site\/blog\/wp-json\/wp\/v2\/media?parent=291"}],"curies":[{"name":"wp","href":"https:\/\/api.w.org\/{rel}","templated":true}]}}