{"id":328,"date":"2025-11-05T14:45:16","date_gmt":"2025-11-05T13:45:16","guid":{"rendered":"https:\/\/www.rouchon.louisst.o2switch.site\/blog\/?page_id=328"},"modified":"2025-11-15T09:44:22","modified_gmt":"2025-11-15T08:44:22","slug":"lautomobile","status":"publish","type":"page","link":"https:\/\/www.rouchon.louisst.o2switch.site\/blog\/lautomobile\/","title":{"rendered":"L\u2019automobile\ud83c\udfce\ufe0f"},"content":{"rendered":"\n<p>Depuis toujours, je suis fascin\u00e9 par l\u2019univers de <strong>l\u2019automobile<\/strong>. Ce qui me pla\u00eet le plus, c\u2019est la&nbsp;combinaison entre puissance, design et innovation technologique. Une <strong>voiture<\/strong> n\u2019est pas seulement un moyen de transport, c\u2019est aussi une <strong>\u0153uvre d\u2019ing\u00e9nierie<\/strong> et parfois m\u00eame d\u2019<strong>art<\/strong>.<\/p>\n\n\n\n<p>Parmi toutes les marques,&nbsp;<strong>BMW<\/strong>&nbsp;occupe une place particuli\u00e8re dans mon c\u0153ur. J\u2019aime leur philosophie du \u201cPlaisir de conduire\u201d et la mani\u00e8re dont chaque mod\u00e8le allie&nbsp;<strong>sportivit\u00e9 et \u00e9l\u00e9gance<\/strong>. Que ce soit une S\u00e9rie 3 ou une M5, on ressent imm\u00e9diatement cette <strong>ma\u00eetrise de la performance et du confort.<\/strong><\/p>\n\n\n\n<p>J\u2019admire \u00e9galement&nbsp;<strong>Porsche<\/strong>, et plus particuli\u00e8rement la&nbsp;<strong>918 Spyder<\/strong>, qui incarne \u00e0 mes yeux la <strong>perfection automobile<\/strong>. Cette supercar allie <strong>puissance, technologie hybride et design intemporel.<\/strong> Elle repr\u00e9sente l\u2019avenir de l\u2019automobile : des performances extr\u00eames avec une conscience \u00e9cologique.<\/p>\n\n\n\n<div class=\"wp-block-uagb-image uagb-block-23d64452 wp-block-uagb-image--layout-default wp-block-uagb-image--effect-static wp-block-uagb-image--align-none\"><figure class=\"wp-block-uagb-image__figure\"><img decoding=\"async\" srcset=\"https:\/\/www.rouchon.louisst.o2switch.site\/blog\/wp-content\/uploads\/2025\/11\/IMG_0303.webp ,https:\/\/www.rouchon.louisst.o2switch.site\/blog\/wp-content\/uploads\/2025\/11\/IMG_0303.webp 780w, https:\/\/www.rouchon.louisst.o2switch.site\/blog\/wp-content\/uploads\/2025\/11\/IMG_0303.webp 360w\" sizes=\"auto, (max-width: 480px) 150px\" src=\"https:\/\/www.rouchon.louisst.o2switch.site\/blog\/wp-content\/uploads\/2025\/11\/IMG_0303.webp\" alt=\"\" class=\"uag-image-391\" width=\"229\" height=\"152\" title=\"IMG_0303\" loading=\"lazy\" role=\"img\"\/><\/figure><\/div>\n\n\n\n<p>J\u2019aime suivre les nouveaut\u00e9s du secteur, les innovations \u00e9lectriques, les avanc\u00e9es en mati\u00e8re de s\u00e9curit\u00e9 et les \u00e9volutions de design. Mon r\u00eave serait un jour de\u00a0travailler dans un domaine li\u00e9 \u00e0 l\u2019automobile, que ce soit dans la vente, la communication ou le marketing.<\/p>\n\n\n\n<p>Cette passion me pousse \u00e0 rester curieux, \u00e0 m\u2019informer et \u00e0 analyser comment les marques construisent leur image et leur relation avec les clients<\/p>\n\n\n\n<p><\/p>\n\n\n\n<div class=\"wp-block-uagb-image uagb-block-b864400c wp-block-uagb-image--layout-default wp-block-uagb-image--effect-static wp-block-uagb-image--align-none\"><figure class=\"wp-block-uagb-image__figure\"><\/figure><\/div>\n","protected":false},"excerpt":{"rendered":"<p>Depuis toujours, je suis fascin\u00e9 par l\u2019univers de l\u2019automobile. Ce qui me pla\u00eet le plus, c\u2019est la&nbsp;combinaison entre puissance, design [&hellip;]<\/p>\n","protected":false},"author":1,"featured_media":0,"parent":0,"menu_order":0,"comment_status":"closed","ping_status":"closed","template":"","meta":{"_uag_custom_page_level_css":"","site-sidebar-layout":"default","site-content-layout":"","ast-site-content-layout":"default","site-content-style":"default","site-sidebar-style":"default","ast-global-header-display":"","ast-banner-title-visibility":"","ast-main-header-display":"","ast-hfb-above-header-display":"","ast-hfb-below-header-display":"","ast-hfb-mobile-header-display":"","site-post-title":"","ast-breadcrumbs-content":"","ast-featured-img":"","footer-sml-layout":"","theme-transparent-header-meta":"","adv-header-id-meta":"","stick-header-meta":"","header-above-stick-meta":"","header-main-stick-meta":"","header-below-stick-meta":"","astra-migrate-meta-layouts":"default","ast-page-background-enabled":"default","ast-page-background-meta":{"desktop":{"background-color":"var(--ast-global-color-5)","background-image":"","background-repeat":"repeat","background-position":"center center","background-size":"auto","background-attachment":"scroll","background-type":"","background-media":"","overlay-type":"","overlay-color":"","overlay-opacity":"","overlay-gradient":""},"tablet":{"background-color":"","background-image":"","background-repeat":"repeat","background-position":"center center","background-size":"auto","background-attachment":"scroll","background-type":"","background-media":"","overlay-type":"","overlay-color":"","overlay-opacity":"","overlay-gradient":""},"mobile":{"background-color":"","background-image":"","background-repeat":"repeat","background-position":"center center","background-size":"auto","background-attachment":"scroll","background-type":"","background-media":"","overlay-type":"","overlay-color":"","overlay-opacity":"","overlay-gradient":""}},"ast-content-background-meta":{"desktop":{"background-color":"var(--ast-global-color-4)","background-image":"","background-repeat":"repeat","background-position":"center center","background-size":"auto","background-attachment":"scroll","background-type":"","background-media":"","overlay-type":"","overlay-color":"","overlay-opacity":"","overlay-gradient":""},"tablet":{"background-color":"var(--ast-global-color-4)","background-image":"","background-repeat":"repeat","background-position":"center center","background-size":"auto","background-attachment":"scroll","background-type":"","background-media":"","overlay-type":"","overlay-color":"","overlay-opacity":"","overlay-gradient":""},"mobile":{"background-color":"var(--ast-global-color-4)","background-image":"","background-repeat":"repeat","background-position":"center center","background-size":"auto","background-attachment":"scroll","background-type":"","background-media":"","overlay-type":"","overlay-color":"","overlay-opacity":"","overlay-gradient":""}},"footnotes":""},"class_list":["post-328","page","type-page","status-publish","hentry"],"uagb_featured_image_src":{"full":false,"thumbnail":false,"medium":false,"medium_large":false,"large":false,"1536x1536":false,"2048x2048":false},"uagb_author_info":{"display_name":"admin","author_link":"https:\/\/www.rouchon.louisst.o2switch.site\/blog\/author\/admin\/"},"uagb_comment_info":0,"uagb_excerpt":"Depuis toujours, je suis fascin\u00e9 par l\u2019univers de l\u2019automobile. Ce qui me pla\u00eet le plus, c\u2019est la&nbsp;combinaison entre puissance, design [&hellip;]","_links":{"self":[{"href":"https:\/\/www.rouchon.louisst.o2switch.site\/blog\/wp-json\/wp\/v2\/pages\/328","targetHints":{"allow":["GET"]}}],"collection":[{"href":"https:\/\/www.rouchon.louisst.o2switch.site\/blog\/wp-json\/wp\/v2\/pages"}],"about":[{"href":"https:\/\/www.rouchon.louisst.o2switch.site\/blog\/wp-json\/wp\/v2\/types\/page"}],"author":[{"embeddable":true,"href":"https:\/\/www.rouchon.louisst.o2switch.site\/blog\/wp-json\/wp\/v2\/users\/1"}],"replies":[{"embeddable":true,"href":"https:\/\/www.rouchon.louisst.o2switch.site\/blog\/wp-json\/wp\/v2\/comments?post=328"}],"version-history":[{"count":3,"href":"https:\/\/www.rouchon.louisst.o2switch.site\/blog\/wp-json\/wp\/v2\/pages\/328\/revisions"}],"predecessor-version":[{"id":392,"href":"https:\/\/www.rouchon.louisst.o2switch.site\/blog\/wp-json\/wp\/v2\/pages\/328\/revisions\/392"}],"wp:attachment":[{"href":"https:\/\/www.rouchon.louisst.o2switch.site\/blog\/wp-json\/wp\/v2\/media?parent=328"}],"curies":[{"name":"wp","href":"https:\/\/api.w.org\/{rel}","templated":true}]}}