{"id":411,"date":"2025-11-28T11:42:42","date_gmt":"2025-11-28T10:42:42","guid":{"rendered":"https:\/\/www.rouchon.louisst.o2switch.site\/blog\/?page_id=411"},"modified":"2025-12-01T10:43:36","modified_gmt":"2025-12-01T09:43:36","slug":"le-foot","status":"publish","type":"page","link":"https:\/\/www.rouchon.louisst.o2switch.site\/blog\/le-foot\/","title":{"rendered":"Le foot"},"content":{"rendered":"\n<p><strong>Le football, une passion qui m\u2019accompagne depuis toujours<\/strong><\/p>\n\n\n\n<p>Depuis tout petit, le foot me berce et rythme mon quotidien. C\u2019est un sport qui m\u2019a toujours fait vibrer, entre \u00e9motions, souvenirs et admiration pour certains joueurs qui ont marqu\u00e9 mon parcours de supporter.<\/p>\n\n\n\n<p><strong>L\u2019Olympique Lyonnais : mon club de c\u0153ur<\/strong><\/p>\n\n\n\n<div class=\"wp-block-uagb-image alignleft uagb-block-12ce3c8b wp-block-uagb-image--layout-default wp-block-uagb-image--effect-static wp-block-uagb-image--align-left\"><figure class=\"wp-block-uagb-image__figure\"><img decoding=\"async\" srcset=\"https:\/\/www.rouchon.louisst.o2switch.site\/blog\/wp-content\/uploads\/2025\/12\/IMG_0357.png ,https:\/\/www.rouchon.louisst.o2switch.site\/blog\/wp-content\/uploads\/2025\/12\/IMG_0357.png 780w, https:\/\/www.rouchon.louisst.o2switch.site\/blog\/wp-content\/uploads\/2025\/12\/IMG_0357.png 360w\" sizes=\"auto, (max-width: 480px) 150px\" src=\"https:\/\/www.rouchon.louisst.o2switch.site\/blog\/wp-content\/uploads\/2025\/12\/IMG_0357.png\" alt=\"\" class=\"uag-image-415\" width=\"78\" height=\"91\" title=\"IMG_0357\" loading=\"lazy\" role=\"img\"\/><\/figure><\/div>\n\n\n\n<p>L\u2019Olympique Lyonnais a tr\u00e8s vite pris une place sp\u00e9ciale dans ma vie. Que ce soit \u00e0 travers ses valeurs, son histoire ou son style de jeu, l\u2019OL repr\u00e9sente pour moi bien plus qu\u2019un simple club. J\u2019ai grandi avec ses exploits, ses grandes soir\u00e9es et sa l\u00e9gendaire formation, qui a vu passer tant de talents. Supporter l\u2019OL, c\u2019est vivre chaque match avec passion, espoir et fiert\u00e9, m\u00eame dans les p\u00e9riodes plus compliqu\u00e9es. Ce club fait partie de mon identit\u00e9 de fan.<\/p>\n\n\n\n<p><strong>Karim Benzema : l\u2019enfant de Lyon devenu l\u00e9gende<\/strong><\/p>\n\n\n\n<div class=\"wp-block-uagb-image alignleft uagb-block-87ab7627 wp-block-uagb-image--layout-default wp-block-uagb-image--effect-static wp-block-uagb-image--align-left\"><figure class=\"wp-block-uagb-image__figure\"><img decoding=\"async\" srcset=\"https:\/\/www.rouchon.louisst.o2switch.site\/blog\/wp-content\/uploads\/2025\/12\/IMG_0358-2.jpeg ,https:\/\/www.rouchon.louisst.o2switch.site\/blog\/wp-content\/uploads\/2025\/12\/IMG_0358-2.jpeg 780w, https:\/\/www.rouchon.louisst.o2switch.site\/blog\/wp-content\/uploads\/2025\/12\/IMG_0358-2.jpeg 360w\" sizes=\"auto, (max-width: 480px) 150px\" src=\"https:\/\/www.rouchon.louisst.o2switch.site\/blog\/wp-content\/uploads\/2025\/12\/IMG_0358-2.jpeg\" alt=\"\" class=\"uag-image-420\" width=\"244\" height=\"152\" title=\"FBL-AWARD-BALLON D'OR-2022\" loading=\"lazy\" role=\"img\"\/><\/figure><\/div>\n\n\n\n<p>Parmi les joueurs qui m\u2019inspirent, Karim Benzema tient une place \u00e0 part. Issu de l\u2019Acad\u00e9mie lyonnaise, il a tr\u00e8s vite montr\u00e9 qu\u2019il avait quelque chose de diff\u00e9rent. Son \u00e9l\u00e9gance balle au pied, son intelligence de jeu et sa capacit\u00e9 \u00e0 faire la diff\u00e9rence dans les moments cl\u00e9s ont fait de lui l\u2019un des plus grands attaquants de sa g\u00e9n\u00e9ration. Le voir \u00e9voluer, progresser et atteindre le sommet du football mondial tout en restant fier de ses racines lyonnaises est une vraie source d\u2019inspiration. Pour moi, Benzema reste l\u2019incarnation parfaite du talent, du travail et de l\u2019ambition.<\/p>\n\n\n\n<p><\/p>\n","protected":false},"excerpt":{"rendered":"<p>Le football, une passion qui m\u2019accompagne depuis toujours Depuis tout petit, le foot me berce et rythme mon quotidien. C\u2019est [&hellip;]<\/p>\n","protected":false},"author":1,"featured_media":0,"parent":0,"menu_order":0,"comment_status":"closed","ping_status":"closed","template":"","meta":{"_uag_custom_page_level_css":"","site-sidebar-layout":"default","site-content-layout":"","ast-site-content-layout":"default","site-content-style":"default","site-sidebar-style":"default","ast-global-header-display":"","ast-banner-title-visibility":"","ast-main-header-display":"","ast-hfb-above-header-display":"","ast-hfb-below-header-display":"","ast-hfb-mobile-header-display":"","site-post-title":"","ast-breadcrumbs-content":"","ast-featured-img":"","footer-sml-layout":"","theme-transparent-header-meta":"","adv-header-id-meta":"","stick-header-meta":"","header-above-stick-meta":"","header-main-stick-meta":"","header-below-stick-meta":"","astra-migrate-meta-layouts":"default","ast-page-background-enabled":"default","ast-page-background-meta":{"desktop":{"background-color":"var(--ast-global-color-5)","background-image":"","background-repeat":"repeat","background-position":"center center","background-size":"auto","background-attachment":"scroll","background-type":"","background-media":"","overlay-type":"","overlay-color":"","overlay-opacity":"","overlay-gradient":""},"tablet":{"background-color":"","background-image":"","background-repeat":"repeat","background-position":"center center","background-size":"auto","background-attachment":"scroll","background-type":"","background-media":"","overlay-type":"","overlay-color":"","overlay-opacity":"","overlay-gradient":""},"mobile":{"background-color":"","background-image":"","background-repeat":"repeat","background-position":"center center","background-size":"auto","background-attachment":"scroll","background-type":"","background-media":"","overlay-type":"","overlay-color":"","overlay-opacity":"","overlay-gradient":""}},"ast-content-background-meta":{"desktop":{"background-color":"var(--ast-global-color-4)","background-image":"","background-repeat":"repeat","background-position":"center center","background-size":"auto","background-attachment":"scroll","background-type":"","background-media":"","overlay-type":"","overlay-color":"","overlay-opacity":"","overlay-gradient":""},"tablet":{"background-color":"var(--ast-global-color-4)","background-image":"","background-repeat":"repeat","background-position":"center center","background-size":"auto","background-attachment":"scroll","background-type":"","background-media":"","overlay-type":"","overlay-color":"","overlay-opacity":"","overlay-gradient":""},"mobile":{"background-color":"var(--ast-global-color-4)","background-image":"","background-repeat":"repeat","background-position":"center center","background-size":"auto","background-attachment":"scroll","background-type":"","background-media":"","overlay-type":"","overlay-color":"","overlay-opacity":"","overlay-gradient":""}},"footnotes":""},"class_list":["post-411","page","type-page","status-publish","hentry"],"uagb_featured_image_src":{"full":false,"thumbnail":false,"medium":false,"medium_large":false,"large":false,"1536x1536":false,"2048x2048":false},"uagb_author_info":{"display_name":"admin","author_link":"https:\/\/www.rouchon.louisst.o2switch.site\/blog\/author\/admin\/"},"uagb_comment_info":0,"uagb_excerpt":"Le football, une passion qui m\u2019accompagne depuis toujours Depuis tout petit, le foot me berce et rythme mon quotidien. C\u2019est [&hellip;]","_links":{"self":[{"href":"https:\/\/www.rouchon.louisst.o2switch.site\/blog\/wp-json\/wp\/v2\/pages\/411","targetHints":{"allow":["GET"]}}],"collection":[{"href":"https:\/\/www.rouchon.louisst.o2switch.site\/blog\/wp-json\/wp\/v2\/pages"}],"about":[{"href":"https:\/\/www.rouchon.louisst.o2switch.site\/blog\/wp-json\/wp\/v2\/types\/page"}],"author":[{"embeddable":true,"href":"https:\/\/www.rouchon.louisst.o2switch.site\/blog\/wp-json\/wp\/v2\/users\/1"}],"replies":[{"embeddable":true,"href":"https:\/\/www.rouchon.louisst.o2switch.site\/blog\/wp-json\/wp\/v2\/comments?post=411"}],"version-history":[{"count":3,"href":"https:\/\/www.rouchon.louisst.o2switch.site\/blog\/wp-json\/wp\/v2\/pages\/411\/revisions"}],"predecessor-version":[{"id":422,"href":"https:\/\/www.rouchon.louisst.o2switch.site\/blog\/wp-json\/wp\/v2\/pages\/411\/revisions\/422"}],"wp:attachment":[{"href":"https:\/\/www.rouchon.louisst.o2switch.site\/blog\/wp-json\/wp\/v2\/media?parent=411"}],"curies":[{"name":"wp","href":"https:\/\/api.w.org\/{rel}","templated":true}]}}